{"id":769,"date":"2017-10-13T00:49:46","date_gmt":"2017-10-12T23:49:46","guid":{"rendered":"https:\/\/cirfco.com\/wp\/?page_id=769"},"modified":"2018-11-06T00:38:29","modified_gmt":"2018-11-06T00:38:29","slug":"parte-de-lo-que-hacemos","status":"publish","type":"page","link":"https:\/\/cirfco.com\/wp\/parte-de-lo-que-hacemos","title":{"rendered":"Parte de lo que hacemos"},"content":{"rendered":"<div id=\"pl-769\"  class=\"panel-layout\" ><div id=\"pg-769-0\"  class=\"panel-grid panel-has-style\" ><div style=\"border-bottom: 1px solid #000000;padding: 100px 0; \" data-overlay=\"true\" data-overlay-color=\"#000000\" class=\"panel-row-style panel-row-style-for-769-0\" ><div id=\"pgc-769-0-0\"  class=\"panel-grid-cell\" ><div id=\"panel-769-0-0-0\" class=\"so-panel widget widget_text panel-first-child\" data-index=\"0\" ><div style=\"text-align: center;\" data-title-color=\"#ffffff\" data-headings-color=\"#000000\" class=\"panel-widget-style panel-widget-style-for-769-0-0-0\" ><h3 class=\"widget-title\">parte de lo que hacemos<\/h3>\t\t\t<div class=\"textwidget\"><\/div>\n\t\t<\/div><\/div><div id=\"panel-769-0-0-1\" class=\"so-panel widget widget_sow-editor panel-last-child\" data-index=\"1\" ><div style=\"text-align: center;\" data-title-color=\"#ffffff\" data-headings-color=\"#ffffff\" class=\"panel-widget-style panel-widget-style-for-769-0-0-1\" ><div\n\t\t\t\n\t\t\tclass=\"so-widget-sow-editor so-widget-sow-editor-base\"\n\t\t\t\n\t\t>\n<div class=\"siteorigin-widget-tinymce textwidget\">\n\t<h5 style=\"text-align: center;\"><span style=\"color: #ffffff;\">El art\u00edculo que se encuentra al hacer click o tocar la imagen de abajo, es interesante para ampliar la informaci\u00f3n, que no nos dedicamos solamente a la parte f\u00edsica pero tambi\u00e9n interna, buscando un equilibrio integral para lograr los buenos resultados tan deseados para ustedes y nosotros.\u00a0<\/span><\/h5>\n<p style=\"text-align: center;\"><a href=\"https:\/\/cirfco.com\/wp\/wp-content\/uploads\/2017\/10\/PARTE-DE-LO-QUE-HACEMOS.pdf\"><img decoding=\"async\" loading=\"lazy\" class=\"alignnone wp-image-2012\" title=\"DESEAS SABER MAS\" src=\"https:\/\/cirfco.com\/wp\/wp-content\/uploads\/2017\/10\/Brain2-1-300x182.jpg\" alt=\"\" width=\"439\" height=\"266\" srcset=\"https:\/\/cirfco.com\/wp\/wp-content\/uploads\/2017\/10\/Brain2-1-300x182.jpg 300w, https:\/\/cirfco.com\/wp\/wp-content\/uploads\/2017\/10\/Brain2-1-230x139.jpg 230w, https:\/\/cirfco.com\/wp\/wp-content\/uploads\/2017\/10\/Brain2-1-350x212.jpg 350w, https:\/\/cirfco.com\/wp\/wp-content\/uploads\/2017\/10\/Brain2-1-480x291.jpg 480w, https:\/\/cirfco.com\/wp\/wp-content\/uploads\/2017\/10\/Brain2-1.jpg 607w\" sizes=\"(max-width: 439px) 100vw, 439px\" \/><\/a><\/p>\n<h5 style=\"text-align: center;\"><\/h5>\n<\/div>\n<\/div><\/div><\/div><\/div><\/div><\/div><\/div>","protected":false},"excerpt":{"rendered":"<p>El art\u00edculo que se encuentra al hacer click o tocar la imagen de abajo, es interesante para ampliar la informaci\u00f3n, que no nos dedicamos solamente a la parte f\u00edsica pero tambi\u00e9n interna, buscando un equilibrio integral para lograr los buenos resultados tan deseados para ustedes y nosotros.\u00a0<\/p>\n","protected":false},"author":1,"featured_media":0,"parent":0,"menu_order":0,"comment_status":"closed","ping_status":"closed","template":"page-templates\/page_fullwidth.php","meta":{"footnotes":""},"_links":{"self":[{"href":"https:\/\/cirfco.com\/wp\/wp-json\/wp\/v2\/pages\/769"}],"collection":[{"href":"https:\/\/cirfco.com\/wp\/wp-json\/wp\/v2\/pages"}],"about":[{"href":"https:\/\/cirfco.com\/wp\/wp-json\/wp\/v2\/types\/page"}],"author":[{"embeddable":true,"href":"https:\/\/cirfco.com\/wp\/wp-json\/wp\/v2\/users\/1"}],"replies":[{"embeddable":true,"href":"https:\/\/cirfco.com\/wp\/wp-json\/wp\/v2\/comments?post=769"}],"version-history":[{"count":7,"href":"https:\/\/cirfco.com\/wp\/wp-json\/wp\/v2\/pages\/769\/revisions"}],"predecessor-version":[{"id":4276,"href":"https:\/\/cirfco.com\/wp\/wp-json\/wp\/v2\/pages\/769\/revisions\/4276"}],"wp:attachment":[{"href":"https:\/\/cirfco.com\/wp\/wp-json\/wp\/v2\/media?parent=769"}],"curies":[{"name":"wp","href":"https:\/\/api.w.org\/{rel}","templated":true}]}}