{"id":535,"date":"2017-10-09T02:46:56","date_gmt":"2017-10-09T01:46:56","guid":{"rendered":"https:\/\/cirfco.com\/wp\/?page_id=535"},"modified":"2018-02-05T02:38:12","modified_gmt":"2018-02-05T02:38:12","slug":"nutricion","status":"publish","type":"page","link":"https:\/\/cirfco.com\/wp\/nutricion","title":{"rendered":"Nutrici\u00f3n"},"content":{"rendered":"<div id=\"pl-535\"  class=\"panel-layout\" ><div id=\"pg-535-0\"  class=\"panel-grid panel-has-style\" ><div style=\"border-bottom: 1px solid #000000;padding: 100px 0; \" data-overlay=\"true\" data-overlay-color=\"#000000\" class=\"panel-row-style panel-row-style-for-535-0\" ><div id=\"pgc-535-0-0\"  class=\"panel-grid-cell\" ><div id=\"panel-535-0-0-0\" class=\"so-panel widget widget_text panel-first-child\" data-index=\"0\" ><div style=\"text-align: center;\" data-title-color=\"#ffffff\" data-headings-color=\"#6daf36\" class=\"panel-widget-style panel-widget-style-for-535-0-0-0\" ><h3 class=\"widget-title\">Nutrici\u00f3n<\/h3>\t\t\t<div class=\"textwidget\"><\/div>\n\t\t<\/div><\/div><div id=\"panel-535-0-0-1\" class=\"so-panel widget widget_sow-image\" data-index=\"1\" ><div style=\"text-align: center;\" data-title-color=\"#ffffff\" data-headings-color=\"#ffffff\" class=\"panel-widget-style panel-widget-style-for-535-0-0-1\" ><div\n\t\t\t\n\t\t\tclass=\"so-widget-sow-image so-widget-sow-image-default-a258e6bfa2d8-535\"\n\t\t\t\n\t\t>\n<div class=\"sow-image-container\">\n\t\t\t<a href=\"https:\/\/cirfco.com\/wp\/recetas\"\n\t\t\t\t\t>\n\t\t\t<img \n\tsrc=\"https:\/\/cirfco.com\/wp\/wp-content\/uploads\/2017\/10\/Ham-atum-1024x768.jpg\" width=\"1024\" height=\"768\" srcset=\"https:\/\/cirfco.com\/wp\/wp-content\/uploads\/2017\/10\/Ham-atum-1024x768.jpg 1024w, https:\/\/cirfco.com\/wp\/wp-content\/uploads\/2017\/10\/Ham-atum-300x225.jpg 300w, https:\/\/cirfco.com\/wp\/wp-content\/uploads\/2017\/10\/Ham-atum-768x576.jpg 768w, https:\/\/cirfco.com\/wp\/wp-content\/uploads\/2017\/10\/Ham-atum-830x623.jpg 830w, https:\/\/cirfco.com\/wp\/wp-content\/uploads\/2017\/10\/Ham-atum-230x173.jpg 230w, https:\/\/cirfco.com\/wp\/wp-content\/uploads\/2017\/10\/Ham-atum-350x263.jpg 350w, https:\/\/cirfco.com\/wp\/wp-content\/uploads\/2017\/10\/Ham-atum-480x360.jpg 480w\" sizes=\"(max-width: 1024px) 100vw, 1024px\" title=\"Hamburguesa de At\u00fan - HAGA CLICK EN LA IMAGEN PARA VER SOBRE LAS RECETAS!\" alt=\"\" \t\tclass=\"so-widget-image\"\/>\n\t\t\t<\/a><\/div>\n\n<h3 class=\"widget-title\">Hamburguesa de At\u00fan - HAGA CLICK EN LA IMAGEN PARA VER SOBRE LAS RECETAS!<\/h3><\/div><\/div><\/div><div id=\"panel-535-0-0-2\" class=\"so-panel widget widget_text panel-last-child\" data-index=\"2\" ><div style=\"text-align: center;\" data-title-color=\"#ffffff\" data-headings-color=\"#ffffff\" class=\"panel-widget-style panel-widget-style-for-535-0-0-2\" >\t\t\t<div class=\"textwidget\"><p>\u00a1Usted no necesita dietas! <\/p>\n<p>\u00a1Las dietas no funcionan! Su cuerpo necesita energ\u00eda disponible para repararse \u00e9l mismo de los da\u00f1os diarios de la actividad normal de la vida (estr\u00e9s) y, en algunos casos de los ejercicios extremos.<\/p>\n<p>No necesita hacer un sacrificio para tener un cuerpo fabuloso; como quiera que sea, hay que suplirle con los correctos nutrientes.<\/p>\n<p>Mantenerse joven, saludable,  bella y\/o varonil no es imposible. Tampoco es necesario que sea complicado. Todo consiste  en  COMER CORRECTAMENTE. Su cuerpo necesita energ\u00eda y, materiales para renovar sus tejidos internos por los da\u00f1os diarios de nuestra vida cotidiana.<\/p>\n<p>La falta de actividad f\u00edsica que tambi\u00e9n colabora al degeneramiento de nuestro sistema celular, envejeci\u00e9ndonos prematuramente, que ser\u00eda como una casa abandonada donde al no abrir sus puertas, la pintura internamente se va cayendo a pedazos.<\/p>\n<p>No existen POLVOS M\u00c1GICOS  NI P\u00cdLDORAS MARAVILLOSAS . Si Ud. no crea la necesidad en su cuerpo, \u00a1\u00e9l no asimilar\u00e1 todo lo que le de! as\u00ed sea \"oro en polvo o, los  mejores ingredientes\" De el  mejor laboratorio. \u00a1\u00c9l no los necesita! \u00a1\u00a1\u00a1No bote su dinero!!!<\/p>\n<p>Esto significa que, son necesarios los carbohidratos, prote\u00ednas, minerales y la fibra soluble.<\/p>\n<p>Si Ud, no tiene ning\u00fan padecimiento y escoge los suplementos correctos usted, va a tener un balance hormonal y, va a prevenir da\u00f1os a su salud.<\/p>\n<p>\u201cLa moraleja es: \u00a1No juegue con su comida!\u201d<\/p>\n<p>LLAMENOS PARA  AYUDARLE A ENTER CUAL, EN REALIDAD  ES SU PROBLEMA Y, COMO CORREGIRLO<\/p>\n<p>NUESTRO CUPO ES LIMITADO PORQUE ES COMPLETAMENTE PERSONALIZADO<\/p>\n<p>Telefono en Colombia: +57 310-292 4684<\/p>\n<p>e-mail: mario@cirfco.com<\/p>\n<\/div>\n\t\t<\/div><\/div><\/div><\/div><\/div><\/div>","protected":false},"excerpt":{"rendered":"<p>\u00a1Usted no necesita dietas! \u00a1Las dietas no funcionan! Su cuerpo necesita energ\u00eda disponible para repararse \u00e9l mismo de los da\u00f1os diarios de la actividad normal de la vida (estr\u00e9s) y, en algunos casos de los ejercicios extremos. No necesita hacer un sacrificio para tener un cuerpo fabuloso; como quiera que sea, hay que suplirle con [&hellip;]<\/p>\n","protected":false},"author":1,"featured_media":0,"parent":0,"menu_order":0,"comment_status":"closed","ping_status":"closed","template":"page-templates\/page_fullwidth.php","meta":{"footnotes":""},"_links":{"self":[{"href":"https:\/\/cirfco.com\/wp\/wp-json\/wp\/v2\/pages\/535"}],"collection":[{"href":"https:\/\/cirfco.com\/wp\/wp-json\/wp\/v2\/pages"}],"about":[{"href":"https:\/\/cirfco.com\/wp\/wp-json\/wp\/v2\/types\/page"}],"author":[{"embeddable":true,"href":"https:\/\/cirfco.com\/wp\/wp-json\/wp\/v2\/users\/1"}],"replies":[{"embeddable":true,"href":"https:\/\/cirfco.com\/wp\/wp-json\/wp\/v2\/comments?post=535"}],"version-history":[{"count":17,"href":"https:\/\/cirfco.com\/wp\/wp-json\/wp\/v2\/pages\/535\/revisions"}],"predecessor-version":[{"id":4226,"href":"https:\/\/cirfco.com\/wp\/wp-json\/wp\/v2\/pages\/535\/revisions\/4226"}],"wp:attachment":[{"href":"https:\/\/cirfco.com\/wp\/wp-json\/wp\/v2\/media?parent=535"}],"curies":[{"name":"wp","href":"https:\/\/api.w.org\/{rel}","templated":true}]}}